{"id":1977,"date":"2024-07-31T11:48:24","date_gmt":"2024-07-31T09:48:24","guid":{"rendered":"https:\/\/museum.sites2.itd.tools\/07-2\/"},"modified":"2024-08-12T15:25:15","modified_gmt":"2024-08-12T13:25:15","slug":"tafel-07","status":"publish","type":"page","link":"https:\/\/sites2.itd.tools\/da\/tafel-07\/","title":{"rendered":"07"},"content":{"rendered":"\t\t<div data-elementor-type=\"wp-page\" data-elementor-id=\"1977\" class=\"elementor elementor-1977 elementor-1703\" data-elementor-post-type=\"page\">\n\t\t\t\t<div class=\"elementor-element elementor-element-a10a17e tafel-nav e-flex e-con-boxed e-con e-parent\" data-id=\"a10a17e\" data-element_type=\"container\" data-settings=\"{&quot;background_background&quot;:&quot;classic&quot;,&quot;sticky&quot;:&quot;top&quot;,&quot;sticky_offset_mobile&quot;:58,&quot;sticky_offset&quot;:50,&quot;sticky_on&quot;:[&quot;desktop&quot;,&quot;tablet&quot;,&quot;mobile&quot;],&quot;sticky_effects_offset&quot;:0}\">\n\t\t\t\t\t<div class=\"e-con-inner\">\n\t\t\t\t<div class=\"elementor-element elementor-element-0af7087 elementor-nav-menu__align-center elementor-nav-menu--dropdown-none elementor-widget elementor-widget-nav-menu\" data-id=\"0af7087\" data-element_type=\"widget\" data-settings=\"{&quot;layout&quot;:&quot;horizontal&quot;,&quot;submenu_icon&quot;:{&quot;value&quot;:&quot;&lt;svg class=\\&quot;e-font-icon-svg e-fas-caret-down\\&quot; viewBox=\\&quot;0 0 320 512\\&quot; xmlns=\\&quot;http:\\\/\\\/www.w3.org\\\/2000\\\/svg\\&quot;&gt;&lt;path d=\\&quot;M31.3 192h257.3c17.8 0 26.7 21.5 14.1 34.1L174.1 354.8c-7.8 7.8-20.5 7.8-28.3 0L17.2 226.1C4.6 213.5 13.5 192 31.3 192z\\&quot;&gt;&lt;\\\/path&gt;&lt;\\\/svg&gt;&quot;,&quot;library&quot;:&quot;fa-solid&quot;}}\" data-widget_type=\"nav-menu.default\">\n\t\t\t\t<div class=\"elementor-widget-container\">\n\t\t\t<link rel=\"stylesheet\" href=\"https:\/\/sites2.itd.tools\/wp-content\/plugins\/elementor-pro\/assets\/css\/widget-nav-menu.min.css?ver=1723472972\">\t\t\t<nav aria-label=\"Men\u00fc\" class=\"elementor-nav-menu--main elementor-nav-menu__container elementor-nav-menu--layout-horizontal e--pointer-none\">\n\t\t\t\t<ul id=\"menu-1-0af7087\" class=\"elementor-nav-menu\"><li class=\"left-tafel menu-item menu-item-type-post_type menu-item-object-page menu-item-2098\"><a href=\"https:\/\/sites2.itd.tools\/da\/tafel-06\/\" class=\"elementor-item\">\u2190\u00a0\u00a0\u00a006<\/a><\/li>\n<li class=\"right-tafel menu-item menu-item-type-post_type menu-item-object-page menu-item-2086\"><a href=\"https:\/\/sites2.itd.tools\/da\/tafel-08\/\" class=\"elementor-item\">08\u00a0\u00a0\u00a0\u2192<\/a><\/li>\n<\/ul>\t\t\t<\/nav>\n\t\t\t\t\t\t<nav class=\"elementor-nav-menu--dropdown elementor-nav-menu__container\" aria-hidden=\"true\">\n\t\t\t\t<ul id=\"menu-2-0af7087\" class=\"elementor-nav-menu\"><li class=\"left-tafel menu-item menu-item-type-post_type menu-item-object-page menu-item-2098\"><a href=\"https:\/\/sites2.itd.tools\/da\/tafel-06\/\" class=\"elementor-item\" tabindex=\"-1\">\u2190\u00a0\u00a0\u00a006<\/a><\/li>\n<li class=\"right-tafel menu-item menu-item-type-post_type menu-item-object-page menu-item-2086\"><a href=\"https:\/\/sites2.itd.tools\/da\/tafel-08\/\" class=\"elementor-item\" tabindex=\"-1\">08\u00a0\u00a0\u00a0\u2192<\/a><\/li>\n<\/ul>\t\t\t<\/nav>\n\t\t\t\t<\/div>\n\t\t\t\t<\/div>\n\t\t\t\t\t<\/div>\n\t\t\t\t<\/div>\n\t\t<div class=\"elementor-element elementor-element-8c87699 e-flex e-con-boxed e-con e-parent\" data-id=\"8c87699\" data-element_type=\"container\" data-settings=\"{&quot;background_background&quot;:&quot;classic&quot;}\">\n\t\t\t\t\t<div class=\"e-con-inner\">\n\t\t\t\t<div class=\"elementor-element elementor-element-d5cf22d elementor-widget elementor-widget-heading\" data-id=\"d5cf22d\" data-element_type=\"widget\" data-settings=\"{&quot;sticky&quot;:&quot;top&quot;,&quot;sticky_offset&quot;:116,&quot;sticky_on&quot;:[&quot;desktop&quot;,&quot;tablet&quot;,&quot;mobile&quot;],&quot;sticky_effects_offset&quot;:0}\" data-widget_type=\"heading.default\">\n\t\t\t\t<div class=\"elementor-widget-container\">\n\t\t\t<style>\/*! elementor - v3.23.0 - 05-08-2024 *\/\n.elementor-heading-title{padding:0;margin:0;line-height:1}.elementor-widget-heading .elementor-heading-title[class*=elementor-size-]>a{color:inherit;font-size:inherit;line-height:inherit}.elementor-widget-heading .elementor-heading-title.elementor-size-small{font-size:15px}.elementor-widget-heading .elementor-heading-title.elementor-size-medium{font-size:19px}.elementor-widget-heading .elementor-heading-title.elementor-size-large{font-size:29px}.elementor-widget-heading .elementor-heading-title.elementor-size-xl{font-size:39px}.elementor-widget-heading .elementor-heading-title.elementor-size-xxl{font-size:59px}<\/style><h1 class=\"elementor-heading-title elementor-size-default\">07<\/h1>\t\t<\/div>\n\t\t\t\t<\/div>\n\t\t\t\t<div class=\"elementor-element elementor-element-17300a9 elementor-widget elementor-widget-heading\" data-id=\"17300a9\" data-element_type=\"widget\" data-widget_type=\"heading.default\">\n\t\t\t\t<div class=\"elementor-widget-container\">\n\t\t\t<h2 class=\"elementor-heading-title elementor-size-default\">Sukkerets v\u00e6rdi<\/h2>\t\t<\/div>\n\t\t\t\t<\/div>\n\t\t\t\t<div class=\"elementor-element elementor-element-43cbc90 elementor-widget elementor-widget-text-editor\" data-id=\"43cbc90\" data-element_type=\"widget\" data-widget_type=\"text-editor.default\">\n\t\t\t\t<div class=\"elementor-widget-container\">\n\t\t\t<style>\/*! elementor - v3.23.0 - 05-08-2024 *\/\n.elementor-widget-text-editor.elementor-drop-cap-view-stacked .elementor-drop-cap{background-color:#69727d;color:#fff}.elementor-widget-text-editor.elementor-drop-cap-view-framed .elementor-drop-cap{color:#69727d;border:3px solid;background-color:transparent}.elementor-widget-text-editor:not(.elementor-drop-cap-view-default) .elementor-drop-cap{margin-top:8px}.elementor-widget-text-editor:not(.elementor-drop-cap-view-default) .elementor-drop-cap-letter{width:1em;height:1em}.elementor-widget-text-editor .elementor-drop-cap{float:left;text-align:center;line-height:1;font-size:50px}.elementor-widget-text-editor .elementor-drop-cap-letter{display:inline-block}<\/style>\t\t\t\t<div class=\"page\" title=\"07\"><div class=\"layoutArea\"><div class=\"column\"><p><strong>R\u00e5stof som statussymbol, byttevare og vigtig global handelsvare<\/strong><\/p><p>Bytning af to opfedede okser for 1 kg sukker er dokumenteret for \u00e5r 1372. Sukker var s\u00e5 v\u00e6rdifuldt, at det til og med blev vejet op i guld. Det var ikke kun et l\u00e6ge- eller nydelsesmiddel, men ogs\u00e5 et statussymbol, idet det i \u00e5rhundreder kun var adelige og rige borgere, der havde r\u00e5d til denne luksusvare. Henimod slutningen af middelalderen var v\u00e6rdien af sukker omkring ti gange s\u00e5 h\u00f8j som v\u00e6rdien af honning.<\/p><p>Den eftertragtede vare blev opbevaret p\u00e5 en s\u00e6rlig m\u00e5de. F\u00f8r i tiden var sukkersk\u00e5le eller sukker\u00e6sker som regel udformet i et elegant format \u2013 og m\u00e5ske ligefrem forgyldt eller fors\u00f8lvet \u2013 og havde en l\u00e5s eller h\u00e6ngel\u00e5s for at beskytte det s\u00f8de indhold mod \u00bblange fingre\u00ab. I dag er smukke og velbevarede eksemplarer i h\u00f8j kurs blandt antikvitetshandlere.<\/p><\/div><\/div><\/div>\t\t\t\t\t\t<\/div>\n\t\t\t\t<\/div>\n\t\t\t\t\t<\/div>\n\t\t\t\t<\/div>\n\t\t\t\t<\/div>\n\t\t","protected":false},"excerpt":{"rendered":"<p>07 Sukkerets v\u00e6rdi R\u00e5stof som statussymbol, byttevare og vigtig global handelsvare Bytning af to opfedede okser for 1 kg sukker er dokumenteret for \u00e5r 1372. Sukker var s\u00e5 v\u00e6rdifuldt, at det til og med blev vejet op i guld. Det var ikke kun et l\u00e6ge- eller nydelsesmiddel, men ogs\u00e5 et statussymbol, idet det i \u00e5rhundreder [&hellip;]<\/p>\n","protected":false},"author":1,"featured_media":0,"parent":0,"menu_order":70,"comment_status":"closed","ping_status":"closed","template":"","meta":{"footnotes":""},"class_list":["post-1977","page","type-page","status-publish","hentry"],"_links":{"self":[{"href":"https:\/\/sites2.itd.tools\/da\/wp-json\/wp\/v2\/pages\/1977"}],"collection":[{"href":"https:\/\/sites2.itd.tools\/da\/wp-json\/wp\/v2\/pages"}],"about":[{"href":"https:\/\/sites2.itd.tools\/da\/wp-json\/wp\/v2\/types\/page"}],"author":[{"embeddable":true,"href":"https:\/\/sites2.itd.tools\/da\/wp-json\/wp\/v2\/users\/1"}],"replies":[{"embeddable":true,"href":"https:\/\/sites2.itd.tools\/da\/wp-json\/wp\/v2\/comments?post=1977"}],"version-history":[{"count":19,"href":"https:\/\/sites2.itd.tools\/da\/wp-json\/wp\/v2\/pages\/1977\/revisions"}],"predecessor-version":[{"id":3267,"href":"https:\/\/sites2.itd.tools\/da\/wp-json\/wp\/v2\/pages\/1977\/revisions\/3267"}],"wp:attachment":[{"href":"https:\/\/sites2.itd.tools\/da\/wp-json\/wp\/v2\/media?parent=1977"}],"curies":[{"name":"wp","href":"https:\/\/api.w.org\/{rel}","templated":true}]}}