{"id":3341,"date":"2024-08-05T17:44:44","date_gmt":"2024-08-05T15:44:44","guid":{"rendered":"https:\/\/museum.sites2.itd.tools\/tafel-15\/"},"modified":"2024-08-12T16:23:36","modified_gmt":"2024-08-12T14:23:36","slug":"tafel-15","status":"publish","type":"page","link":"https:\/\/sites2.itd.tools\/sv\/tafel-15\/","title":{"rendered":"15"},"content":{"rendered":"\t\t<div data-elementor-type=\"wp-page\" data-elementor-id=\"3341\" class=\"elementor elementor-3341 elementor-2479\" data-elementor-post-type=\"page\">\n\t\t\t\t<div class=\"elementor-element elementor-element-f4cc369 e-flex e-con-boxed e-con e-parent\" data-id=\"f4cc369\" data-element_type=\"container\">\n\t\t\t\t\t<div class=\"e-con-inner\">\n\t\t\t\t<div class=\"elementor-element elementor-element-c4a1892 elementor-widget elementor-widget-image\" data-id=\"c4a1892\" data-element_type=\"widget\" data-widget_type=\"image.default\">\n\t\t\t\t<div class=\"elementor-widget-container\">\n\t\t\t<style>\/*! elementor - v3.23.0 - 05-08-2024 *\/\n.elementor-widget-image{text-align:center}.elementor-widget-image a{display:inline-block}.elementor-widget-image a img[src$=\".svg\"]{width:48px}.elementor-widget-image img{vertical-align:middle;display:inline-block}<\/style>\t\t\t\t\t\t\t\t\t\t<img fetchpriority=\"high\" decoding=\"async\" width=\"1000\" height=\"667\" src=\"https:\/\/sites2.itd.tools\/wp-content\/uploads\/2024\/08\/Schlussbild_Rumprobe2.jpg\" class=\"attachment-full size-full wp-image-2644\" alt=\"\" srcset=\"https:\/\/sites2.itd.tools\/wp-content\/uploads\/2024\/08\/Schlussbild_Rumprobe2.jpg 1000w, https:\/\/sites2.itd.tools\/wp-content\/uploads\/2024\/08\/Schlussbild_Rumprobe2-300x200.jpg 300w, https:\/\/sites2.itd.tools\/wp-content\/uploads\/2024\/08\/Schlussbild_Rumprobe2-768x512.jpg 768w\" sizes=\"(max-width: 1000px) 100vw, 1000px\" \/>\t\t\t\t\t\t\t\t\t\t\t\t\t<\/div>\n\t\t\t\t<\/div>\n\t\t\t\t<div class=\"elementor-element elementor-element-568b16c elementor-widget elementor-widget-image\" data-id=\"568b16c\" data-element_type=\"widget\" data-widget_type=\"image.default\">\n\t\t\t\t<div class=\"elementor-widget-container\">\n\t\t\t\t\t\t\t\t\t\t\t\t\t<img decoding=\"async\" width=\"600\" height=\"565\" src=\"https:\/\/sites2.itd.tools\/wp-content\/uploads\/2024\/08\/Braasch_RMM-1.jpg\" class=\"attachment-large size-large wp-image-2567\" alt=\"\" srcset=\"https:\/\/sites2.itd.tools\/wp-content\/uploads\/2024\/08\/Braasch_RMM-1.jpg 600w, https:\/\/sites2.itd.tools\/wp-content\/uploads\/2024\/08\/Braasch_RMM-1-300x283.jpg 300w\" sizes=\"(max-width: 600px) 100vw, 600px\" \/>\t\t\t\t\t\t\t\t\t\t\t\t\t<\/div>\n\t\t\t\t<\/div>\n\t\t\t\t<div class=\"elementor-element elementor-element-8a50723 elementor-widget elementor-widget-heading\" data-id=\"8a50723\" data-element_type=\"widget\" data-widget_type=\"heading.default\">\n\t\t\t\t<div class=\"elementor-widget-container\">\n\t\t\t<style>\/*! elementor - v3.23.0 - 05-08-2024 *\/\n.elementor-heading-title{padding:0;margin:0;line-height:1}.elementor-widget-heading .elementor-heading-title[class*=elementor-size-]>a{color:inherit;font-size:inherit;line-height:inherit}.elementor-widget-heading .elementor-heading-title.elementor-size-small{font-size:15px}.elementor-widget-heading .elementor-heading-title.elementor-size-medium{font-size:19px}.elementor-widget-heading .elementor-heading-title.elementor-size-large{font-size:29px}.elementor-widget-heading .elementor-heading-title.elementor-size-xl{font-size:39px}.elementor-widget-heading .elementor-heading-title.elementor-size-xxl{font-size:59px}<\/style><h2 class=\"elementor-heading-title elementor-size-default\">Efter visningen i mus\u00e9et \u00e4r ni hj\u00e4rtligt v\u00e4lkomna\u2028 att gratis provsmaka rom i v\u00e5r butik, rakt \u00f6ver g\u00e5rden!<\/h2>\t\t<\/div>\n\t\t\t\t<\/div>\n\t\t\t\t\t<\/div>\n\t\t\t\t<\/div>\n\t\t\t\t<\/div>\n\t\t","protected":false},"excerpt":{"rendered":"<p>Efter visningen i mus\u00e9et \u00e4r ni hj\u00e4rtligt v\u00e4lkomna\u2028 att gratis provsmaka rom i v\u00e5r butik, rakt \u00f6ver g\u00e5rden!<\/p>\n","protected":false},"author":1,"featured_media":0,"parent":0,"menu_order":150,"comment_status":"closed","ping_status":"closed","template":"","meta":{"footnotes":""},"class_list":["post-3341","page","type-page","status-publish","hentry"],"_links":{"self":[{"href":"https:\/\/sites2.itd.tools\/sv\/wp-json\/wp\/v2\/pages\/3341"}],"collection":[{"href":"https:\/\/sites2.itd.tools\/sv\/wp-json\/wp\/v2\/pages"}],"about":[{"href":"https:\/\/sites2.itd.tools\/sv\/wp-json\/wp\/v2\/types\/page"}],"author":[{"embeddable":true,"href":"https:\/\/sites2.itd.tools\/sv\/wp-json\/wp\/v2\/users\/1"}],"replies":[{"embeddable":true,"href":"https:\/\/sites2.itd.tools\/sv\/wp-json\/wp\/v2\/comments?post=3341"}],"version-history":[{"count":4,"href":"https:\/\/sites2.itd.tools\/sv\/wp-json\/wp\/v2\/pages\/3341\/revisions"}],"predecessor-version":[{"id":3490,"href":"https:\/\/sites2.itd.tools\/sv\/wp-json\/wp\/v2\/pages\/3341\/revisions\/3490"}],"wp:attachment":[{"href":"https:\/\/sites2.itd.tools\/sv\/wp-json\/wp\/v2\/media?parent=3341"}],"curies":[{"name":"wp","href":"https:\/\/api.w.org\/{rel}","templated":true}]}}