{"id":3399,"date":"2024-08-06T08:14:17","date_gmt":"2024-08-06T06:14:17","guid":{"rendered":"https:\/\/museum.sites2.itd.tools\/start\/"},"modified":"2024-08-20T10:35:57","modified_gmt":"2024-08-20T08:35:57","slug":"start","status":"publish","type":"page","link":"https:\/\/sites2.itd.tools\/sv\/","title":{"rendered":"Start"},"content":{"rendered":"\t\t<div data-elementor-type=\"wp-page\" data-elementor-id=\"3399\" class=\"elementor elementor-3399 elementor-2575\" data-elementor-post-type=\"page\">\n\t\t\t\t<div class=\"elementor-element elementor-element-aa9c947 e-flex e-con-boxed e-con e-parent\" data-id=\"aa9c947\" data-element_type=\"container\">\n\t\t\t\t\t<div class=\"e-con-inner\">\n\t\t\t\t<div class=\"elementor-element elementor-element-cc20764 elementor-widget elementor-widget-image\" data-id=\"cc20764\" data-element_type=\"widget\" data-widget_type=\"image.default\">\n\t\t\t\t<div class=\"elementor-widget-container\">\n\t\t\t<style>\/*! elementor - v3.23.0 - 05-08-2024 *\/\n.elementor-widget-image{text-align:center}.elementor-widget-image a{display:inline-block}.elementor-widget-image a img[src$=\".svg\"]{width:48px}.elementor-widget-image img{vertical-align:middle;display:inline-block}<\/style>\t\t\t\t\t\t\t\t\t\t<img fetchpriority=\"high\" decoding=\"async\" width=\"1200\" height=\"452\" src=\"https:\/\/sites2.itd.tools\/wp-content\/uploads\/2024\/08\/startcollage_s-1.jpg\" class=\"attachment-full size-full wp-image-3910\" alt=\"Braasch Flensburg - Eingang Rum-Museum\" srcset=\"https:\/\/sites2.itd.tools\/wp-content\/uploads\/2024\/08\/startcollage_s-1.jpg 1200w, https:\/\/sites2.itd.tools\/wp-content\/uploads\/2024\/08\/startcollage_s-1-300x113.jpg 300w, https:\/\/sites2.itd.tools\/wp-content\/uploads\/2024\/08\/startcollage_s-1-1024x386.jpg 1024w, https:\/\/sites2.itd.tools\/wp-content\/uploads\/2024\/08\/startcollage_s-1-768x289.jpg 768w\" sizes=\"(max-width: 1200px) 100vw, 1200px\" \/>\t\t\t\t\t\t\t\t\t\t\t\t\t<\/div>\n\t\t\t\t<\/div>\n\t\t\t\t<div class=\"elementor-element elementor-element-bc0dd0e elementor-widget elementor-widget-heading\" data-id=\"bc0dd0e\" data-element_type=\"widget\" data-widget_type=\"heading.default\">\n\t\t\t\t<div class=\"elementor-widget-container\">\n\t\t\t<style>\/*! elementor - v3.23.0 - 05-08-2024 *\/\n.elementor-heading-title{padding:0;margin:0;line-height:1}.elementor-widget-heading .elementor-heading-title[class*=elementor-size-]>a{color:inherit;font-size:inherit;line-height:inherit}.elementor-widget-heading .elementor-heading-title.elementor-size-small{font-size:15px}.elementor-widget-heading .elementor-heading-title.elementor-size-medium{font-size:19px}.elementor-widget-heading .elementor-heading-title.elementor-size-large{font-size:29px}.elementor-widget-heading .elementor-heading-title.elementor-size-xl{font-size:39px}.elementor-widget-heading .elementor-heading-title.elementor-size-xxl{font-size:59px}<\/style><h2 class=\"elementor-heading-title elementor-size-default\">Velkommen.<\/h2>\t\t<\/div>\n\t\t\t\t<\/div>\n\t\t\t\t<div class=\"elementor-element elementor-element-625ecc2 elementor-widget elementor-widget-text-editor\" data-id=\"625ecc2\" data-element_type=\"widget\" data-widget_type=\"text-editor.default\">\n\t\t\t\t<div class=\"elementor-widget-container\">\n\t\t\t<style>\/*! elementor - v3.23.0 - 05-08-2024 *\/\n.elementor-widget-text-editor.elementor-drop-cap-view-stacked .elementor-drop-cap{background-color:#69727d;color:#fff}.elementor-widget-text-editor.elementor-drop-cap-view-framed .elementor-drop-cap{color:#69727d;border:3px solid;background-color:transparent}.elementor-widget-text-editor:not(.elementor-drop-cap-view-default) .elementor-drop-cap{margin-top:8px}.elementor-widget-text-editor:not(.elementor-drop-cap-view-default) .elementor-drop-cap-letter{width:1em;height:1em}.elementor-widget-text-editor .elementor-drop-cap{float:left;text-align:center;line-height:1;font-size:50px}.elementor-widget-text-editor .elementor-drop-cap-letter{display:inline-block}<\/style>\t\t\t\t<p>V\u00e6lg dit sprog<\/p>\t\t\t\t\t\t<\/div>\n\t\t\t\t<\/div>\n\t\t\t\t<div class=\"elementor-element elementor-element-4a9fa2a elementor-widget elementor-widget-heading\" data-id=\"4a9fa2a\" data-element_type=\"widget\" data-widget_type=\"heading.default\">\n\t\t\t\t<div class=\"elementor-widget-container\">\n\t\t\t<h2 class=\"elementor-heading-title elementor-size-default\">Welcome.<\/h2>\t\t<\/div>\n\t\t\t\t<\/div>\n\t\t\t\t<div class=\"elementor-element elementor-element-3f3e915 elementor-widget elementor-widget-text-editor\" data-id=\"3f3e915\" data-element_type=\"widget\" data-widget_type=\"text-editor.default\">\n\t\t\t\t<div class=\"elementor-widget-container\">\n\t\t\t\t\t\t\t<p>Please choose your language<\/p>\t\t\t\t\t\t<\/div>\n\t\t\t\t<\/div>\n\t\t\t\t<div class=\"elementor-element elementor-element-1b70c83 elementor-widget elementor-widget-heading\" data-id=\"1b70c83\" data-element_type=\"widget\" data-widget_type=\"heading.default\">\n\t\t\t\t<div class=\"elementor-widget-container\">\n\t\t\t<h2 class=\"elementor-heading-title elementor-size-default\">V\u00e4lkommen.<\/h2>\t\t<\/div>\n\t\t\t\t<\/div>\n\t\t\t\t<div class=\"elementor-element elementor-element-9845b00 elementor-widget elementor-widget-text-editor\" data-id=\"9845b00\" data-element_type=\"widget\" data-widget_type=\"text-editor.default\">\n\t\t\t\t<div class=\"elementor-widget-container\">\n\t\t\t\t\t\t\t<p>V\u00e4lj ditt spr\u00e5k<\/p>\t\t\t\t\t\t<\/div>\n\t\t\t\t<\/div>\n\t\t\t\t\t<\/div>\n\t\t\t\t<\/div>\n\t\t<div class=\"elementor-element elementor-element-bd82e48 e-flex e-con-boxed e-con e-parent\" data-id=\"bd82e48\" data-element_type=\"container\">\n\t\t\t\t\t<div class=\"e-con-inner\">\n\t\t<div class=\"elementor-element elementor-element-d2db08f e-con-full e-flex e-con e-child\" data-id=\"d2db08f\" data-element_type=\"container\">\n\t\t\t\t<div class=\"elementor-element elementor-element-0f9750c elementor-widget elementor-widget-image\" data-id=\"0f9750c\" data-element_type=\"widget\" data-widget_type=\"image.default\">\n\t\t\t\t<div class=\"elementor-widget-container\">\n\t\t\t\t\t\t\t\t\t\t\t\t\t\t<a href=\"\/da\/tafel-01\/\">\n\t\t\t\t\t\t\t<img decoding=\"async\" width=\"418\" height=\"418\" src=\"https:\/\/sites2.itd.tools\/wp-content\/uploads\/2024\/08\/Daenemark_frei-1.png\" class=\"attachment-large size-large wp-image-2688\" alt=\"\" srcset=\"https:\/\/sites2.itd.tools\/wp-content\/uploads\/2024\/08\/Daenemark_frei-1.png 418w, https:\/\/sites2.itd.tools\/wp-content\/uploads\/2024\/08\/Daenemark_frei-1-300x300.png 300w, https:\/\/sites2.itd.tools\/wp-content\/uploads\/2024\/08\/Daenemark_frei-1-150x150.png 150w\" sizes=\"(max-width: 418px) 100vw, 418px\" \/>\t\t\t\t\t\t\t\t<\/a>\n\t\t\t\t\t\t\t\t\t\t\t\t\t<\/div>\n\t\t\t\t<\/div>\n\t\t\t\t<\/div>\n\t\t<div class=\"elementor-element elementor-element-28badbe e-con-full e-flex e-con e-child\" data-id=\"28badbe\" data-element_type=\"container\">\n\t\t\t\t<div class=\"elementor-element elementor-element-3d43883 elementor-widget elementor-widget-image\" data-id=\"3d43883\" data-element_type=\"widget\" data-widget_type=\"image.default\">\n\t\t\t\t<div class=\"elementor-widget-container\">\n\t\t\t\t\t\t\t\t\t\t\t\t\t\t<a href=\"\/en\/tafel-01\/\">\n\t\t\t\t\t\t\t<img decoding=\"async\" width=\"417\" height=\"417\" src=\"https:\/\/sites2.itd.tools\/wp-content\/uploads\/2024\/08\/England_frei-1.png\" class=\"attachment-large size-large wp-image-2692\" alt=\"\" srcset=\"https:\/\/sites2.itd.tools\/wp-content\/uploads\/2024\/08\/England_frei-1.png 417w, https:\/\/sites2.itd.tools\/wp-content\/uploads\/2024\/08\/England_frei-1-300x300.png 300w, https:\/\/sites2.itd.tools\/wp-content\/uploads\/2024\/08\/England_frei-1-150x150.png 150w\" sizes=\"(max-width: 417px) 100vw, 417px\" \/>\t\t\t\t\t\t\t\t<\/a>\n\t\t\t\t\t\t\t\t\t\t\t\t\t<\/div>\n\t\t\t\t<\/div>\n\t\t\t\t<\/div>\n\t\t<div class=\"elementor-element elementor-element-647e5ee e-con-full e-flex e-con e-child\" data-id=\"647e5ee\" data-element_type=\"container\">\n\t\t\t\t<div class=\"elementor-element elementor-element-3fc1b2c elementor-widget elementor-widget-image\" data-id=\"3fc1b2c\" data-element_type=\"widget\" data-widget_type=\"image.default\">\n\t\t\t\t<div class=\"elementor-widget-container\">\n\t\t\t\t\t\t\t\t\t\t\t\t\t\t<a href=\"\/sv\/tafel-01\/\">\n\t\t\t\t\t\t\t<img loading=\"lazy\" decoding=\"async\" width=\"418\" height=\"418\" src=\"https:\/\/sites2.itd.tools\/wp-content\/uploads\/2024\/08\/Schweden_frei-1.png\" class=\"attachment-large size-large wp-image-2696\" alt=\"\" srcset=\"https:\/\/sites2.itd.tools\/wp-content\/uploads\/2024\/08\/Schweden_frei-1.png 418w, https:\/\/sites2.itd.tools\/wp-content\/uploads\/2024\/08\/Schweden_frei-1-300x300.png 300w, https:\/\/sites2.itd.tools\/wp-content\/uploads\/2024\/08\/Schweden_frei-1-150x150.png 150w\" sizes=\"(max-width: 418px) 100vw, 418px\" \/>\t\t\t\t\t\t\t\t<\/a>\n\t\t\t\t\t\t\t\t\t\t\t\t\t<\/div>\n\t\t\t\t<\/div>\n\t\t\t\t<\/div>\n\t\t\t\t\t<\/div>\n\t\t\t\t<\/div>\n\t\t\t\t<\/div>\n\t\t","protected":false},"excerpt":{"rendered":"<p>Velkommen. V\u00e6lg dit sprog Welcome. Please choose your language V\u00e4lkommen. V\u00e4lj ditt spr\u00e5k<\/p>\n","protected":false},"author":1,"featured_media":0,"parent":0,"menu_order":5,"comment_status":"closed","ping_status":"closed","template":"","meta":{"footnotes":""},"class_list":["post-3399","page","type-page","status-publish","hentry"],"_links":{"self":[{"href":"https:\/\/sites2.itd.tools\/sv\/wp-json\/wp\/v2\/pages\/3399"}],"collection":[{"href":"https:\/\/sites2.itd.tools\/sv\/wp-json\/wp\/v2\/pages"}],"about":[{"href":"https:\/\/sites2.itd.tools\/sv\/wp-json\/wp\/v2\/types\/page"}],"author":[{"embeddable":true,"href":"https:\/\/sites2.itd.tools\/sv\/wp-json\/wp\/v2\/users\/1"}],"replies":[{"embeddable":true,"href":"https:\/\/sites2.itd.tools\/sv\/wp-json\/wp\/v2\/comments?post=3399"}],"version-history":[{"count":29,"href":"https:\/\/sites2.itd.tools\/sv\/wp-json\/wp\/v2\/pages\/3399\/revisions"}],"predecessor-version":[{"id":3921,"href":"https:\/\/sites2.itd.tools\/sv\/wp-json\/wp\/v2\/pages\/3399\/revisions\/3921"}],"wp:attachment":[{"href":"https:\/\/sites2.itd.tools\/sv\/wp-json\/wp\/v2\/media?parent=3399"}],"curies":[{"name":"wp","href":"https:\/\/api.w.org\/{rel}","templated":true}]}}